{"id":156,"date":"2017-01-30T08:58:29","date_gmt":"2017-01-30T13:58:29","guid":{"rendered":"http:\/\/ianbia.ehosting.ca\/?page_id=156"},"modified":"2023-04-11T09:45:09","modified_gmt":"2023-04-11T12:45:09","slug":"forms","status":"publish","type":"page","link":"https:\/\/www.ianbia.com\/fr\/forms\/","title":{"rendered":"FORMULAIRES"},"content":{"rendered":"<p>&nbsp;<\/p>\r\n\r\n<p>&nbsp;<\/p>\r\n\r\n<p>&nbsp;<\/p>\r\n\r\n<p><strong>Demande d&rsquo;adh\u00e9sion<\/strong><br \/>Adobe Acrobat Document<br \/><a href=\"https:\/\/www.ianbia.com\/wp-content\/uploads\/2020\/12\/NBIA-Application-Form.doc\">NBIA Application Form<\/a><\/p>\r\n\r\n<p>&nbsp;<\/p>\r\n\r\n<div class=\"wp-block-spacer\" style=\"height: 30px;\" aria-hidden=\"true\">\u00a0<\/div>\r\n\r\n<p>&nbsp;<\/p>\r\n\r\n<p><strong>Formule de r\u00e9p\u00e9rage du perfectionnement professionnel de l&rsquo;IANB<\/strong><br \/>xls File<br \/><a href=\"https:\/\/www.ianbia.com\/wp-content\/uploads\/2020\/12\/NBIA-2020-PD-FR.xlsx\">NBIA-2020-PD-FR<\/a><\/p>\r\n\r\n<p>&nbsp;<\/p>\r\n\r\n<div class=\"wp-block-spacer\" style=\"height: 30px;\" aria-hidden=\"true\">\u00a0<\/div>\r\n\r\n<p>&nbsp;<\/p>\r\n\r\n<p><strong>Appel des Nominations Prix<\/strong><br \/>Microsoft Word Document<br \/><a href=\"https:\/\/www.ianbia.com\/wp-content\/uploads\/2020\/12\/Nomination-NBIA-Awards-2020-1.doc\">Nomination NBIA Awards 2020<\/a><\/p>\r\n\r\n<p>&nbsp;<\/p>\r\n\r\n<div class=\"wp-block-spacer\" style=\"height: 30px;\" aria-hidden=\"true\">\u00a0<\/div>\r\n\r\n<p>&nbsp;<\/p>\r\n\r\n<p><strong><span class=\"s1\">Appel Pour Nominations Pour Le Conseil 2021 De L&rsquo;I.A.N.B.<\/span><\/strong><\/p>\r\n\r\n<p>&nbsp;<\/p>\r\n\r\n<p>Microsoft Word Document<\/p>\r\n\r\n<p>&nbsp;<\/p>\r\n\r\n<p><a href=\"https:\/\/www.ianbia.com\/wp-content\/uploads\/2017\/01\/NOMINATIONS-FOR-THE-2020-Council.docx\">NOMINATIONS FOR THE 2020 Council<\/a><\/p>\r\n\r\n<p>&nbsp;<\/p>\r\n\r\n<div class=\"wp-block-spacer\" style=\"height: 30px;\" aria-hidden=\"true\">\u00a0<\/div>\r\n\r\n<p>&nbsp;<\/p>\r\n\r\n<p><strong>Formule de Bourse d&rsquo;\u00e9tude de l&rsquo;IANB<\/strong><br \/>Microsoft Word Document<br \/><a href=\"https:\/\/www.ianbia.com\/wp-content\/uploads\/2020\/12\/NBIA-Formule-de-Bourse.doc\">NBIA Formule de Bourse<\/a><\/p>\r\n\r\n<p>&nbsp;<\/p>\r\n\r\n<p>&nbsp;<\/p>\r\n\r\n<p>&nbsp;<\/p>\r\n\r\n<p>&nbsp;<\/p>\r\n\r\n<p>&nbsp;<\/p>","protected":false},"excerpt":{"rendered":"<p>&nbsp; &nbsp; &nbsp; Demande d&rsquo;adh\u00e9sionAdobe Acrobat DocumentNBIA Application Form &nbsp; &nbsp; Formule de r\u00e9p\u00e9rage du perfectionnement professionnel de l&rsquo;IANBxls FileNBIA-2020-PD-FR &nbsp; &nbsp; Appel des Nominations PrixMicrosoft Word DocumentNomination NBIA Awards 2020 &nbsp; &nbsp; Appel Pour Nominations Pour Le Conseil 2021 De L&rsquo;I.A.N.B. &nbsp; Microsoft Word Document &nbsp; NOMINATIONS FOR THE 2020 Council &nbsp; &nbsp; Formule [&hellip;]<\/p>\n","protected":false},"author":167,"featured_media":0,"parent":0,"menu_order":0,"comment_status":"closed","ping_status":"closed","template":"","meta":[],"acf":[],"yoast_head":"<!-- This site is optimized with the Yoast SEO plugin v19.0 - https:\/\/yoast.com\/wordpress\/plugins\/seo\/ -->\n<title>FORMULAIRES | IANB<\/title>\n<meta name=\"description\" content=\"Just as doctors, engineers and lawyers, agrologists are also professionals who must belong to a professional organization to practice their profession. In New Brunswick, the New Brunswick Institute of Agrologists, founded in 1960, regulates the profession of agrologist.\" \/>\n<meta name=\"robots\" content=\"index, follow, max-snippet:-1, max-image-preview:large, max-video-preview:-1\" \/>\n<link rel=\"canonical\" href=\"https:\/\/www.ianbia.com\/forms\/\" \/>\n<meta property=\"og:locale\" content=\"fr_FR\" \/>\n<meta property=\"og:type\" content=\"article\" \/>\n<meta property=\"og:title\" content=\"[:en]FORMS[:fr]FORMULAIRES[:] | IANB\" \/>\n<meta property=\"og:description\" content=\"Just as doctors, engineers and lawyers, agrologists are also professionals who must belong to a professional organization to practice their profession. In New Brunswick, the New Brunswick Institute of Agrologists, founded in 1960, regulates the profession of agrologist.\" \/>\n<meta property=\"og:url\" content=\"https:\/\/www.ianbia.com\/forms\/\" \/>\n<meta property=\"og:site_name\" content=\"IANB\" \/>\n<meta property=\"article:modified_time\" content=\"2023-04-11T12:45:09+00:00\" \/>\n<meta name=\"twitter:card\" content=\"summary_large_image\" \/>\n<meta name=\"twitter:label1\" content=\"Dur\u00e9e de lecture estim\u00e9e\" \/>\n\t<meta name=\"twitter:data1\" content=\"1 minute\" \/>\n<script type=\"application\/ld+json\" class=\"yoast-schema-graph\">{\"@context\":\"https:\/\/schema.org\",\"@graph\":[{\"@type\":\"Organization\",\"@id\":\"https:\/\/www.ianbia.com\/#organization\",\"name\":\"NBIA\",\"url\":\"https:\/\/www.ianbia.com\/\",\"sameAs\":[],\"logo\":{\"@type\":\"ImageObject\",\"inLanguage\":\"fr-FR\",\"@id\":\"https:\/\/www.ianbia.com\/#\/schema\/logo\/image\/\",\"url\":\"https:\/\/www.ianbia.com\/wp-content\/uploads\/2022\/06\/NBIA-logo-Colour.jpg\",\"contentUrl\":\"https:\/\/www.ianbia.com\/wp-content\/uploads\/2022\/06\/NBIA-logo-Colour.jpg\",\"width\":250,\"height\":150,\"caption\":\"NBIA\"},\"image\":{\"@id\":\"https:\/\/www.ianbia.com\/#\/schema\/logo\/image\/\"}},{\"@type\":\"WebSite\",\"@id\":\"https:\/\/www.ianbia.com\/#website\",\"url\":\"https:\/\/www.ianbia.com\/\",\"name\":\"IANB\",\"description\":\"Institut des agronomes du Nouveau-Brunswick\",\"publisher\":{\"@id\":\"https:\/\/www.ianbia.com\/#organization\"},\"potentialAction\":[{\"@type\":\"SearchAction\",\"target\":{\"@type\":\"EntryPoint\",\"urlTemplate\":\"https:\/\/www.ianbia.com\/?s={search_term_string}\"},\"query-input\":\"required name=search_term_string\"}],\"inLanguage\":\"fr-FR\"},{\"@type\":\"WebPage\",\"@id\":\"https:\/\/www.ianbia.com\/forms\/#webpage\",\"url\":\"https:\/\/www.ianbia.com\/forms\/\",\"name\":\"[:en]FORMS[:fr]FORMULAIRES[:] | IANB\",\"isPartOf\":{\"@id\":\"https:\/\/www.ianbia.com\/#website\"},\"datePublished\":\"2017-01-30T13:58:29+00:00\",\"dateModified\":\"2023-04-11T12:45:09+00:00\",\"description\":\"Just as doctors, engineers and lawyers, agrologists are also professionals who must belong to a professional organization to practice their profession. In New Brunswick, the New Brunswick Institute of Agrologists, founded in 1960, regulates the profession of agrologist.\",\"breadcrumb\":{\"@id\":\"https:\/\/www.ianbia.com\/forms\/#breadcrumb\"},\"inLanguage\":\"fr-FR\",\"potentialAction\":[{\"@type\":\"ReadAction\",\"target\":[\"https:\/\/www.ianbia.com\/forms\/\"]}]},{\"@type\":\"BreadcrumbList\",\"@id\":\"https:\/\/www.ianbia.com\/forms\/#breadcrumb\",\"itemListElement\":[{\"@type\":\"ListItem\",\"position\":1,\"name\":\"Home\",\"item\":\"https:\/\/www.ianbia.com\/\"},{\"@type\":\"ListItem\",\"position\":2,\"name\":\"FORMS\"}]}]}<\/script>\n<!-- \/ Yoast SEO plugin. -->","yoast_head_json":{"title":"[:en]FORMS[:fr]FORMULAIRES[:] | IANB","description":"Just as doctors, engineers and lawyers, agrologists are also professionals who must belong to a professional organization to practice their profession. In New Brunswick, the New Brunswick Institute of Agrologists, founded in 1960, regulates the profession of agrologist.","robots":{"index":"index","follow":"follow","max-snippet":"max-snippet:-1","max-image-preview":"max-image-preview:large","max-video-preview":"max-video-preview:-1"},"canonical":"https:\/\/www.ianbia.com\/forms\/","og_locale":"fr_FR","og_type":"article","og_title":"[:en]FORMS[:fr]FORMULAIRES[:] | IANB","og_description":"Just as doctors, engineers and lawyers, agrologists are also professionals who must belong to a professional organization to practice their profession. In New Brunswick, the New Brunswick Institute of Agrologists, founded in 1960, regulates the profession of agrologist.","og_url":"https:\/\/www.ianbia.com\/forms\/","og_site_name":"IANB","article_modified_time":"2023-04-11T12:45:09+00:00","twitter_card":"summary_large_image","twitter_misc":{"Dur\u00e9e de lecture estim\u00e9e":"1 minute"},"schema":{"@context":"https:\/\/schema.org","@graph":[{"@type":"Organization","@id":"https:\/\/www.ianbia.com\/#organization","name":"NBIA","url":"https:\/\/www.ianbia.com\/","sameAs":[],"logo":{"@type":"ImageObject","inLanguage":"fr-FR","@id":"https:\/\/www.ianbia.com\/#\/schema\/logo\/image\/","url":"https:\/\/www.ianbia.com\/wp-content\/uploads\/2022\/06\/NBIA-logo-Colour.jpg","contentUrl":"https:\/\/www.ianbia.com\/wp-content\/uploads\/2022\/06\/NBIA-logo-Colour.jpg","width":250,"height":150,"caption":"NBIA"},"image":{"@id":"https:\/\/www.ianbia.com\/#\/schema\/logo\/image\/"}},{"@type":"WebSite","@id":"https:\/\/www.ianbia.com\/#website","url":"https:\/\/www.ianbia.com\/","name":"IANB","description":"Institut des agronomes du Nouveau-Brunswick","publisher":{"@id":"https:\/\/www.ianbia.com\/#organization"},"potentialAction":[{"@type":"SearchAction","target":{"@type":"EntryPoint","urlTemplate":"https:\/\/www.ianbia.com\/?s={search_term_string}"},"query-input":"required name=search_term_string"}],"inLanguage":"fr-FR"},{"@type":"WebPage","@id":"https:\/\/www.ianbia.com\/forms\/#webpage","url":"https:\/\/www.ianbia.com\/forms\/","name":"[:en]FORMS[:fr]FORMULAIRES[:] | IANB","isPartOf":{"@id":"https:\/\/www.ianbia.com\/#website"},"datePublished":"2017-01-30T13:58:29+00:00","dateModified":"2023-04-11T12:45:09+00:00","description":"Just as doctors, engineers and lawyers, agrologists are also professionals who must belong to a professional organization to practice their profession. In New Brunswick, the New Brunswick Institute of Agrologists, founded in 1960, regulates the profession of agrologist.","breadcrumb":{"@id":"https:\/\/www.ianbia.com\/forms\/#breadcrumb"},"inLanguage":"fr-FR","potentialAction":[{"@type":"ReadAction","target":["https:\/\/www.ianbia.com\/forms\/"]}]},{"@type":"BreadcrumbList","@id":"https:\/\/www.ianbia.com\/forms\/#breadcrumb","itemListElement":[{"@type":"ListItem","position":1,"name":"Home","item":"https:\/\/www.ianbia.com\/"},{"@type":"ListItem","position":2,"name":"FORMS"}]}]}},"_links":{"self":[{"href":"https:\/\/www.ianbia.com\/fr\/wp-json\/wp\/v2\/pages\/156"}],"collection":[{"href":"https:\/\/www.ianbia.com\/fr\/wp-json\/wp\/v2\/pages"}],"about":[{"href":"https:\/\/www.ianbia.com\/fr\/wp-json\/wp\/v2\/types\/page"}],"author":[{"embeddable":true,"href":"https:\/\/www.ianbia.com\/fr\/wp-json\/wp\/v2\/users\/167"}],"replies":[{"embeddable":true,"href":"https:\/\/www.ianbia.com\/fr\/wp-json\/wp\/v2\/comments?post=156"}],"version-history":[{"count":47,"href":"https:\/\/www.ianbia.com\/fr\/wp-json\/wp\/v2\/pages\/156\/revisions"}],"predecessor-version":[{"id":753,"href":"https:\/\/www.ianbia.com\/fr\/wp-json\/wp\/v2\/pages\/156\/revisions\/753"}],"wp:attachment":[{"href":"https:\/\/www.ianbia.com\/fr\/wp-json\/wp\/v2\/media?parent=156"}],"curies":[{"name":"wp","href":"https:\/\/api.w.org\/{rel}","templated":true}]}}