{"id":57,"date":"2017-01-25T14:47:30","date_gmt":"2017-01-25T19:47:30","guid":{"rendered":"http:\/\/ianbia.ehosting.ca\/?page_id=57"},"modified":"2022-06-01T11:18:58","modified_gmt":"2022-06-01T14:18:58","slug":"committees","status":"publish","type":"page","link":"https:\/\/www.ianbia.com\/fr\/committees\/","title":{"rendered":"COMIT\u00c9S"},"content":{"rendered":"<p><\/p>\n\n\n\n<h2>COMIT\u00c9S 2021-2022 de l\u2019IANB<\/h2>\n\n\n\n<p><strong>Comit\u00e9 d\u2019admission<\/strong><\/p>\n\n\n\n<p>Michel Melanson (Pr\u00e9sident-Registraire)<\/p>\n\n\n\n<p>Gerry Chevrier (Comit\u00e9 d\u2019examen)<span class=\"Apple-converted-space\">&nbsp;<\/span><\/p>\n\n\n\n<p>David Bell<span class=\"Apple-converted-space\">&nbsp;<\/span><\/p>\n\n\n\n<p>Shirlyn Coleman<span class=\"Apple-converted-space\">&nbsp;<\/span><\/p>\n\n\n\n<p>Jean-Mars Jean-Fran\u00e7ois<span class=\"Apple-converted-space\">&nbsp;<\/span><\/p>\n\n\n\n<div style=\"height:31px\" aria-hidden=\"true\" class=\"wp-block-spacer\"><\/div>\n\n\n\n<p><strong>Comit\u00e9 de direction<\/strong><\/p>\n\n\n\n<p>Susannah Banks \u2013 Pr\u00e9sident<\/p>\n\n\n\n<p>Maureen Flinn \u2013Vice-pr\u00e9sidente<span class=\"Apple-converted-space\">&nbsp;<\/span><\/p>\n\n\n\n<p>Nicole Williams \u2013 Pr\u00e9sidente sortante<span class=\"Apple-converted-space\">&nbsp;<\/span><\/p>\n\n\n\n<p>Michel Melanson \u2013 Registraire<\/p>\n\n\n\n<p>Duncan Fraser \u2013 Secr\u00e9taire-Tr\u00e9sorier<\/p>\n\n\n\n<div style=\"height:31px\" aria-hidden=\"true\" class=\"wp-block-spacer\"><\/div>\n\n\n\n<p><strong>Comit\u00e9 sur la Loi\/R\u00e8glements administratifs <\/strong><\/p>\n\n\n\n<p>(Ancien comit\u00e9 sur les r\u00e8glements administratifs et comit\u00e9 l\u00e9gislatif)<\/p>\n\n\n\n<p>Lynn Moore (Pr\u00e9sident)<span class=\"Apple-converted-space\">&nbsp;<\/span><\/p>\n\n\n\n<p>J\u00e9r\u00f4me Damboise<\/p>\n\n\n\n<div style=\"height:31px\" aria-hidden=\"true\" class=\"wp-block-spacer\"><\/div>\n\n\n\n<p><strong>Comit\u00e9 des Bourses<\/strong><\/p>\n\n\n\n<p>Garth Nickerson (Pr\u00e9sident)<span class=\"Apple-converted-space\">&nbsp; <\/span><\/p>\n\n\n\n<p>Shirlyn Coleman<span class=\"Apple-converted-space\">&nbsp; <\/span><\/p>\n\n\n\n<p>Lynn Moore<\/p>\n\n\n\n<p>Jennifer McDonald<\/p>\n\n\n\n<p>Susannah Banks &#8211; ex officiel<\/p>\n\n\n\n<div style=\"height:31px\" aria-hidden=\"true\" class=\"wp-block-spacer\"><\/div>\n\n\n\n<p><strong>Comit\u00e9 de PP obligatoire<\/strong><\/p>\n\n\n\n<p>Shirlyn Coleman (Pr\u00e9sidente)<\/p>\n\n\n\n<p>Jennifer McDonald<span class=\"Apple-converted-space\">&nbsp;<\/span><\/p>\n\n\n\n<p>St\u00e9phanie Cormier<\/p>\n\n\n\n<p>Nicole Williams<\/p>\n\n\n\n<div style=\"height:31px\" aria-hidden=\"true\" class=\"wp-block-spacer\"><\/div>\n\n\n\n<p><strong>Comit\u00e9 de perfectionnement professionnel<\/strong><\/p>\n\n\n\n<p>Gail LeBlanc (Pr\u00e9sidente)<span class=\"Apple-converted-space\">&nbsp;<\/span><\/p>\n\n\n\n<p>Jennifer McDonald<span class=\"Apple-converted-space\">&nbsp;<\/span><\/p>\n\n\n\n<p>Amy McFadgen<\/p>\n\n\n\n<p>Lynn Moore<\/p>\n\n\n\n<p>Nicole Williams<\/p>\n\n\n\n<p>Carl Duivenvoorden<\/p>\n\n\n\n<div style=\"height:31px\" aria-hidden=\"true\" class=\"wp-block-spacer\"><\/div>\n\n\n\n<p><strong>Comit\u00e9 de discipline<\/strong><\/p>\n\n\n\n<p>Lynn Moore (Pr\u00e9sidente)<\/p>\n\n\n\n<p>Evans Estabrooks<\/p>\n\n\n\n<p>Duncan Fraser<\/p>\n\n\n\n<p>Nadine Simpson<\/p>\n\n\n\n<p>Ron Smith (Repr\u00e9sentant du public)<\/p>\n\n\n\n<div style=\"height:31px\" aria-hidden=\"true\" class=\"wp-block-spacer\"><\/div>\n\n\n\n<p><strong>Comit\u00e9 des plaintes\u00a0<\/strong><\/p>\n\n\n\n<p>Susannah Banks (Pr\u00e9sident)<\/p>\n\n\n\n<p>Jason Stower<span class=\"Apple-converted-space\">&nbsp;<\/span><\/p>\n\n\n\n<p>Peter Scott<\/p>\n\n\n\n<p>Greg Sweetland<\/p>\n\n\n\n<p>Maureen Flinn<\/p>\n\n\n\n<p>Nicole Williams<\/p>\n\n\n\n<div style=\"height:31px\" aria-hidden=\"true\" class=\"wp-block-spacer\"><\/div>\n\n\n\n<p><strong>Comit\u00e9 de mise en candidature\u00a0<\/strong><\/p>\n\n\n\n<p>Duncan Fraser (Pr\u00e9sident)<\/p>\n\n\n\n<p>Greg Sweetland<span class=\"Apple-converted-space\">&nbsp;<\/span><\/p>\n\n\n\n<p>Jason Stower<\/p>\n\n\n\n<div style=\"height:31px\" aria-hidden=\"true\" class=\"wp-block-spacer\"><\/div>\n\n\n\n<p><strong>Comit\u00e9 des prix<\/strong><\/p>\n\n\n\n<p>Gerry Chevrier (Pr\u00e9sident)<span class=\"Apple-converted-space\">&nbsp;<\/span><\/p>\n\n\n\n<p>Duncan Fraser<\/p>\n\n\n\n<p>Susannah Banks<\/p>\n\n\n\n<div style=\"height:31px\" aria-hidden=\"true\" class=\"wp-block-spacer\"><\/div>\n\n\n\n<p><strong>Comit\u00e9 sur les communications et promo<\/strong><\/p>\n\n\n\n<p>Vacant (Pr\u00e9sidente)<span class=\"Apple-converted-space\">&nbsp;<\/span><\/p>\n\n\n\n<p>Amy McFadgen<span class=\"Apple-converted-space\">&nbsp;<\/span><\/p>\n\n\n\n<p>Carl Duivenvoorden<\/p>\n\n\n\n<p>Carolyn Wilson<\/p>\n\n\n\n<p>David Fontaine<\/p>\n\n\n\n<p>Lakshman Ranasinghe<\/p>\n\n\n\n<p>Jean-Mars Jean-Francois<\/p>","protected":false},"excerpt":{"rendered":"<p>COMIT\u00c9S 2021-2022 de l\u2019IANB Comit\u00e9 d\u2019admission Michel Melanson (Pr\u00e9sident-Registraire) Gerry Chevrier (Comit\u00e9 d\u2019examen)&nbsp; David Bell&nbsp; Shirlyn Coleman&nbsp; Jean-Mars Jean-Fran\u00e7ois&nbsp; Comit\u00e9 de direction Susannah Banks \u2013 Pr\u00e9sident Maureen Flinn \u2013Vice-pr\u00e9sidente&nbsp; Nicole Williams \u2013 Pr\u00e9sidente sortante&nbsp; Michel Melanson \u2013 Registraire Duncan Fraser \u2013 Secr\u00e9taire-Tr\u00e9sorier Comit\u00e9 sur la Loi\/R\u00e8glements administratifs (Ancien comit\u00e9 sur les r\u00e8glements administratifs et comit\u00e9 [&hellip;]<\/p>\n","protected":false},"author":167,"featured_media":0,"parent":0,"menu_order":0,"comment_status":"closed","ping_status":"closed","template":"","meta":[],"acf":[],"yoast_head":"<!-- This site is optimized with the Yoast SEO plugin v19.0 - https:\/\/yoast.com\/wordpress\/plugins\/seo\/ -->\n<title>COMIT\u00c9S | IANB<\/title>\n<meta name=\"description\" content=\"Just as doctors, engineers and lawyers, agrologists are also professionals who must belong to a professional organization to practice their profession. In New Brunswick, the New Brunswick Institute of Agrologists, founded in 1960, regulates the profession of agrologist.\" \/>\n<meta name=\"robots\" content=\"index, follow, max-snippet:-1, max-image-preview:large, max-video-preview:-1\" \/>\n<link rel=\"canonical\" href=\"https:\/\/www.ianbia.com\/committees\/\" \/>\n<meta property=\"og:locale\" content=\"fr_FR\" \/>\n<meta property=\"og:type\" content=\"article\" \/>\n<meta property=\"og:title\" content=\"[:en]COMMITTEES[:fr]COMIT\u00c9S[:] | IANB\" \/>\n<meta property=\"og:description\" content=\"Just as doctors, engineers and lawyers, agrologists are also professionals who must belong to a professional organization to practice their profession. In New Brunswick, the New Brunswick Institute of Agrologists, founded in 1960, regulates the profession of agrologist.\" \/>\n<meta property=\"og:url\" content=\"https:\/\/www.ianbia.com\/committees\/\" \/>\n<meta property=\"og:site_name\" content=\"IANB\" \/>\n<meta property=\"article:modified_time\" content=\"2022-06-01T14:18:58+00:00\" \/>\n<meta name=\"twitter:card\" content=\"summary_large_image\" \/>\n<meta name=\"twitter:label1\" content=\"Dur\u00e9e de lecture estim\u00e9e\" \/>\n\t<meta name=\"twitter:data1\" content=\"2 minutes\" \/>\n<script type=\"application\/ld+json\" class=\"yoast-schema-graph\">{\"@context\":\"https:\/\/schema.org\",\"@graph\":[{\"@type\":\"Organization\",\"@id\":\"https:\/\/www.ianbia.com\/#organization\",\"name\":\"NBIA\",\"url\":\"https:\/\/www.ianbia.com\/\",\"sameAs\":[],\"logo\":{\"@type\":\"ImageObject\",\"inLanguage\":\"fr-FR\",\"@id\":\"https:\/\/www.ianbia.com\/#\/schema\/logo\/image\/\",\"url\":\"https:\/\/www.ianbia.com\/wp-content\/uploads\/2022\/06\/NBIA-logo-Colour.jpg\",\"contentUrl\":\"https:\/\/www.ianbia.com\/wp-content\/uploads\/2022\/06\/NBIA-logo-Colour.jpg\",\"width\":250,\"height\":150,\"caption\":\"NBIA\"},\"image\":{\"@id\":\"https:\/\/www.ianbia.com\/#\/schema\/logo\/image\/\"}},{\"@type\":\"WebSite\",\"@id\":\"https:\/\/www.ianbia.com\/#website\",\"url\":\"https:\/\/www.ianbia.com\/\",\"name\":\"IANB\",\"description\":\"Institut des agronomes du Nouveau-Brunswick\",\"publisher\":{\"@id\":\"https:\/\/www.ianbia.com\/#organization\"},\"potentialAction\":[{\"@type\":\"SearchAction\",\"target\":{\"@type\":\"EntryPoint\",\"urlTemplate\":\"https:\/\/www.ianbia.com\/?s={search_term_string}\"},\"query-input\":\"required name=search_term_string\"}],\"inLanguage\":\"fr-FR\"},{\"@type\":\"WebPage\",\"@id\":\"https:\/\/www.ianbia.com\/committees\/#webpage\",\"url\":\"https:\/\/www.ianbia.com\/committees\/\",\"name\":\"[:en]COMMITTEES[:fr]COMIT\u00c9S[:] | IANB\",\"isPartOf\":{\"@id\":\"https:\/\/www.ianbia.com\/#website\"},\"datePublished\":\"2017-01-25T19:47:30+00:00\",\"dateModified\":\"2022-06-01T14:18:58+00:00\",\"description\":\"Just as doctors, engineers and lawyers, agrologists are also professionals who must belong to a professional organization to practice their profession. In New Brunswick, the New Brunswick Institute of Agrologists, founded in 1960, regulates the profession of agrologist.\",\"breadcrumb\":{\"@id\":\"https:\/\/www.ianbia.com\/committees\/#breadcrumb\"},\"inLanguage\":\"fr-FR\",\"potentialAction\":[{\"@type\":\"ReadAction\",\"target\":[\"https:\/\/www.ianbia.com\/committees\/\"]}]},{\"@type\":\"BreadcrumbList\",\"@id\":\"https:\/\/www.ianbia.com\/committees\/#breadcrumb\",\"itemListElement\":[{\"@type\":\"ListItem\",\"position\":1,\"name\":\"Home\",\"item\":\"https:\/\/www.ianbia.com\/\"},{\"@type\":\"ListItem\",\"position\":2,\"name\":\"COMMITTEES\"}]}]}<\/script>\n<!-- \/ Yoast SEO plugin. -->","yoast_head_json":{"title":"[:en]COMMITTEES[:fr]COMIT\u00c9S[:] | IANB","description":"Just as doctors, engineers and lawyers, agrologists are also professionals who must belong to a professional organization to practice their profession. In New Brunswick, the New Brunswick Institute of Agrologists, founded in 1960, regulates the profession of agrologist.","robots":{"index":"index","follow":"follow","max-snippet":"max-snippet:-1","max-image-preview":"max-image-preview:large","max-video-preview":"max-video-preview:-1"},"canonical":"https:\/\/www.ianbia.com\/committees\/","og_locale":"fr_FR","og_type":"article","og_title":"[:en]COMMITTEES[:fr]COMIT\u00c9S[:] | IANB","og_description":"Just as doctors, engineers and lawyers, agrologists are also professionals who must belong to a professional organization to practice their profession. In New Brunswick, the New Brunswick Institute of Agrologists, founded in 1960, regulates the profession of agrologist.","og_url":"https:\/\/www.ianbia.com\/committees\/","og_site_name":"IANB","article_modified_time":"2022-06-01T14:18:58+00:00","twitter_card":"summary_large_image","twitter_misc":{"Dur\u00e9e de lecture estim\u00e9e":"2 minutes"},"schema":{"@context":"https:\/\/schema.org","@graph":[{"@type":"Organization","@id":"https:\/\/www.ianbia.com\/#organization","name":"NBIA","url":"https:\/\/www.ianbia.com\/","sameAs":[],"logo":{"@type":"ImageObject","inLanguage":"fr-FR","@id":"https:\/\/www.ianbia.com\/#\/schema\/logo\/image\/","url":"https:\/\/www.ianbia.com\/wp-content\/uploads\/2022\/06\/NBIA-logo-Colour.jpg","contentUrl":"https:\/\/www.ianbia.com\/wp-content\/uploads\/2022\/06\/NBIA-logo-Colour.jpg","width":250,"height":150,"caption":"NBIA"},"image":{"@id":"https:\/\/www.ianbia.com\/#\/schema\/logo\/image\/"}},{"@type":"WebSite","@id":"https:\/\/www.ianbia.com\/#website","url":"https:\/\/www.ianbia.com\/","name":"IANB","description":"Institut des agronomes du Nouveau-Brunswick","publisher":{"@id":"https:\/\/www.ianbia.com\/#organization"},"potentialAction":[{"@type":"SearchAction","target":{"@type":"EntryPoint","urlTemplate":"https:\/\/www.ianbia.com\/?s={search_term_string}"},"query-input":"required name=search_term_string"}],"inLanguage":"fr-FR"},{"@type":"WebPage","@id":"https:\/\/www.ianbia.com\/committees\/#webpage","url":"https:\/\/www.ianbia.com\/committees\/","name":"[:en]COMMITTEES[:fr]COMIT\u00c9S[:] | IANB","isPartOf":{"@id":"https:\/\/www.ianbia.com\/#website"},"datePublished":"2017-01-25T19:47:30+00:00","dateModified":"2022-06-01T14:18:58+00:00","description":"Just as doctors, engineers and lawyers, agrologists are also professionals who must belong to a professional organization to practice their profession. In New Brunswick, the New Brunswick Institute of Agrologists, founded in 1960, regulates the profession of agrologist.","breadcrumb":{"@id":"https:\/\/www.ianbia.com\/committees\/#breadcrumb"},"inLanguage":"fr-FR","potentialAction":[{"@type":"ReadAction","target":["https:\/\/www.ianbia.com\/committees\/"]}]},{"@type":"BreadcrumbList","@id":"https:\/\/www.ianbia.com\/committees\/#breadcrumb","itemListElement":[{"@type":"ListItem","position":1,"name":"Home","item":"https:\/\/www.ianbia.com\/"},{"@type":"ListItem","position":2,"name":"COMMITTEES"}]}]}},"_links":{"self":[{"href":"https:\/\/www.ianbia.com\/fr\/wp-json\/wp\/v2\/pages\/57"}],"collection":[{"href":"https:\/\/www.ianbia.com\/fr\/wp-json\/wp\/v2\/pages"}],"about":[{"href":"https:\/\/www.ianbia.com\/fr\/wp-json\/wp\/v2\/types\/page"}],"author":[{"embeddable":true,"href":"https:\/\/www.ianbia.com\/fr\/wp-json\/wp\/v2\/users\/167"}],"replies":[{"embeddable":true,"href":"https:\/\/www.ianbia.com\/fr\/wp-json\/wp\/v2\/comments?post=57"}],"version-history":[{"count":30,"href":"https:\/\/www.ianbia.com\/fr\/wp-json\/wp\/v2\/pages\/57\/revisions"}],"predecessor-version":[{"id":658,"href":"https:\/\/www.ianbia.com\/fr\/wp-json\/wp\/v2\/pages\/57\/revisions\/658"}],"wp:attachment":[{"href":"https:\/\/www.ianbia.com\/fr\/wp-json\/wp\/v2\/media?parent=57"}],"curies":[{"name":"wp","href":"https:\/\/api.w.org\/{rel}","templated":true}]}}