{"id":81,"date":"2017-01-26T07:39:31","date_gmt":"2017-01-26T12:39:31","guid":{"rendered":"http:\/\/ianbia.ehosting.ca\/?page_id=81"},"modified":"2021-04-11T21:18:47","modified_gmt":"2021-04-12T00:18:47","slug":"history","status":"publish","type":"page","link":"https:\/\/www.ianbia.com\/fr\/history\/","title":{"rendered":"HISTOIRE"},"content":{"rendered":"<p><\/p>\n<h2>APER\u00c7U HISTORIQUE<\/h2>\n<p><strong>Premiers avis agricoles.<\/strong><\/p>\n<p class=\"p1\"><span class=\"s1\">L&rsquo;agriculture indig\u00e8ne a une longue histoire avec les preuves arch\u00e9ologiques les plus r\u00e9centes sugg\u00e9rant qu&rsquo;elle est pratiqu\u00e9e dans les Am\u00e9riques depuis au moins 10 000 ans, presque la m\u00eame dur\u00e9e que dans le Croissant fertile du Moyen-Orient. La production de cultures domestiques telles que les pommes de terre, les courges, les haricots et le ma\u00efs d&rsquo;Am\u00e9rique du Sud et centrale a progress\u00e9 vers le nord et des vari\u00e9t\u00e9s tol\u00e9rantes au froid ont \u00e9t\u00e9 d\u00e9velopp\u00e9es par les peuples autochtones du nord-est d\u00e8s 200 avant notre \u00e8re.<\/span><\/p>\n<p>&nbsp;<\/p>\n<p class=\"p1\"><span class=\"s1\">Les peuples autochtones pr\u00e9-contact dans ce qui est maintenant le Nouveau-Brunswick (les Mi\u2019gmaq, les Wolastoqiyik et les Peskotomuhkatiyik) \u00e9taient des soci\u00e9t\u00e9s de chasseurs-cueilleurs et bien adapt\u00e9es au monde naturel. Ils ont utilis\u00e9 des syst\u00e8mes complexes de mouvements saisonniers pour chasser, p\u00eacher, rassembler et cultiver des aliments et des m\u00e9dicaments. Les cycles saisonniers consistaient g\u00e9n\u00e9ralement \u00e0 se d\u00e9placer en aval au printemps pour p\u00eacher, \u00e0 cueillir et \u00e0 planter des cultures et \u00e0 organiser des rassemblements annuels, \u00e0 se rendre en eau sal\u00e9e en \u00e9t\u00e9 pour r\u00e9colter les fruits de mer et les baies, \u00e0 retourner r\u00e9colter les cultures plant\u00e9es et \u00e0 se pr\u00e9parer pour l&rsquo;hiver avant de se disperser en petits groupes familiaux pour gagner les terrains de chasse d&rsquo;hiver \u00e0 l&rsquo;int\u00e9rieur des terres et en amont. Alors que certaines des cultures cultiv\u00e9es et r\u00e9colt\u00e9es seraient famili\u00e8res dans un contexte agricole contemporain (ma\u00efs, haricots, courges), ces peuples ont \u00e9galement cultiv\u00e9 et g\u00e9r\u00e9 des champs et des peuplements naturels d&rsquo;esp\u00e8ces <\/span><\/p>\n<p>&nbsp;<\/p>\n<p><img loading=\"lazy\" src=\"http:\/\/www.ianbia.com\/wp-content\/uploads\/2017\/01\/shutterstock_192531746-copy-768x512-300x200.jpeg\" alt=\"\" width=\"300\" height=\"200\" class=\"alignright size-medium wp-image-531\" srcset=\"https:\/\/www.ianbia.com\/wp-content\/uploads\/2017\/01\/shutterstock_192531746-copy-768x512-300x200.jpeg 300w, https:\/\/www.ianbia.com\/wp-content\/uploads\/2017\/01\/shutterstock_192531746-copy-768x512.jpeg 768w, https:\/\/www.ianbia.com\/wp-content\/uploads\/2017\/01\/shutterstock_192531746-copy-768x512-272x182.jpeg 272w\" sizes=\"(max-width: 300px) 100vw, 300px\" \/><\/p>\n<h2>LA FORMATION DE L\u2019IANB<\/h2>\n<p>La cr\u00e9ation de l\u2019Institut n\u2019a pas \u00e9t\u00e9 une entreprise facile pour ses promoteurs. Ils ont d\u00fb vaincre les r\u00e9sistances \u00e0 l\u2019appartenance obligatoire \u00e0 l\u2019Institut national (IAC), \u00e0 l\u2019admissibilit\u00e9 de nombreux agronomes qui n\u2019avaient pas \u00ab suffisamment de dipl\u00f4mes \u00bb pour appartenir \u00e0 un institut professionnel, au fait que des professionnels scientifiques et g\u00e9n\u00e9ralistes appartiendraient \u00e0 la m\u00eame organisation, etc. Un vote positif fut finalement obtenu et l\u2019Act to incorporate the New Brunswick Institute of Agrologists (Loi constituant en corporation l\u2019Institut des agronomes du Nouveau-Brunswick) a \u00e9t\u00e9 sanctionn\u00e9e le 4 avril 1960. Son premier pr\u00e9sident J.C. (Bill) Bennett, \u00e9tait le directeur de la direction du b\u00e9tail du minist\u00e8re de l\u2019Agriculture du Nouveau-Brunswick. Les activit\u00e9s principales des premi\u00e8res ann\u00e9es visaient essentiellement \u00e0 renforcer les communications entre les membres afin d\u2019\u00e9changer des exp\u00e9riences et de cr\u00e9er un esprit de corps. Des s\u00e9minaires, des sessions d\u2019information, des d\u00e9bats sur des questions d\u2019actualit\u00e9, des bulletins d\u2019information et des \u00ab fins de semaine d\u2019\u00e9vasion \u00bb ont \u00e9t\u00e9 organis\u00e9s et suivis avec beaucoup de succ\u00e8s. Pendant quelque temps, il y a \u00e9galement eu une s\u00e9rie de \u00ab Conventions des Maritimes \u00bb dans lesquelles chaque province devenait \u00e0 tour de r\u00f4le l\u2019h\u00f4te de cet \u00e9v\u00e9nement annuel.<\/p>\n<p>&nbsp;<\/p>","protected":false},"excerpt":{"rendered":"<p>APER\u00c7U HISTORIQUE Premiers avis agricoles. L&rsquo;agriculture indig\u00e8ne a une longue histoire avec les preuves arch\u00e9ologiques les plus r\u00e9centes sugg\u00e9rant qu&rsquo;elle est pratiqu\u00e9e dans les Am\u00e9riques depuis au moins 10 000 ans, presque la m\u00eame dur\u00e9e que dans le Croissant fertile du Moyen-Orient. La production de cultures domestiques telles que les pommes de terre, les courges, [&hellip;]<\/p>\n","protected":false},"author":167,"featured_media":0,"parent":0,"menu_order":0,"comment_status":"closed","ping_status":"closed","template":"","meta":[],"acf":[],"yoast_head":"<!-- This site is optimized with the Yoast SEO plugin v19.0 - https:\/\/yoast.com\/wordpress\/plugins\/seo\/ -->\n<title>HISTOIRE | IANB<\/title>\n<meta name=\"description\" content=\"Just as doctors, engineers and lawyers, agrologists are also professionals who must belong to a professional organization to practice their profession. In New Brunswick, the New Brunswick Institute of Agrologists, founded in 1960, regulates the profession of agrologist.\" \/>\n<meta name=\"robots\" content=\"index, follow, max-snippet:-1, max-image-preview:large, max-video-preview:-1\" \/>\n<link rel=\"canonical\" href=\"https:\/\/www.ianbia.com\/history\/\" \/>\n<meta property=\"og:locale\" content=\"fr_FR\" \/>\n<meta property=\"og:type\" content=\"article\" \/>\n<meta property=\"og:title\" content=\"[:en]HISTORY[:fr]HISTOIRE[:] | IANB\" \/>\n<meta property=\"og:description\" content=\"Just as doctors, engineers and lawyers, agrologists are also professionals who must belong to a professional organization to practice their profession. In New Brunswick, the New Brunswick Institute of Agrologists, founded in 1960, regulates the profession of agrologist.\" \/>\n<meta property=\"og:url\" content=\"https:\/\/www.ianbia.com\/history\/\" \/>\n<meta property=\"og:site_name\" content=\"IANB\" \/>\n<meta property=\"article:modified_time\" content=\"2021-04-12T00:18:47+00:00\" \/>\n<meta property=\"og:image\" content=\"http:\/\/ianbia.ehosting.ca\/wp-content\/uploads\/2017\/01\/shutterstock_192531746-copy-300x200.jpg\" \/>\n<meta name=\"twitter:card\" content=\"summary_large_image\" \/>\n<meta name=\"twitter:label1\" content=\"Dur\u00e9e de lecture estim\u00e9e\" \/>\n\t<meta name=\"twitter:data1\" content=\"5 minutes\" \/>\n<script type=\"application\/ld+json\" class=\"yoast-schema-graph\">{\"@context\":\"https:\/\/schema.org\",\"@graph\":[{\"@type\":\"Organization\",\"@id\":\"https:\/\/www.ianbia.com\/#organization\",\"name\":\"NBIA\",\"url\":\"https:\/\/www.ianbia.com\/\",\"sameAs\":[],\"logo\":{\"@type\":\"ImageObject\",\"inLanguage\":\"fr-FR\",\"@id\":\"https:\/\/www.ianbia.com\/#\/schema\/logo\/image\/\",\"url\":\"https:\/\/www.ianbia.com\/wp-content\/uploads\/2022\/06\/NBIA-logo-Colour.jpg\",\"contentUrl\":\"https:\/\/www.ianbia.com\/wp-content\/uploads\/2022\/06\/NBIA-logo-Colour.jpg\",\"width\":250,\"height\":150,\"caption\":\"NBIA\"},\"image\":{\"@id\":\"https:\/\/www.ianbia.com\/#\/schema\/logo\/image\/\"}},{\"@type\":\"WebSite\",\"@id\":\"https:\/\/www.ianbia.com\/#website\",\"url\":\"https:\/\/www.ianbia.com\/\",\"name\":\"IANB\",\"description\":\"Institut des agronomes du Nouveau-Brunswick\",\"publisher\":{\"@id\":\"https:\/\/www.ianbia.com\/#organization\"},\"potentialAction\":[{\"@type\":\"SearchAction\",\"target\":{\"@type\":\"EntryPoint\",\"urlTemplate\":\"https:\/\/www.ianbia.com\/?s={search_term_string}\"},\"query-input\":\"required name=search_term_string\"}],\"inLanguage\":\"fr-FR\"},{\"@type\":\"ImageObject\",\"inLanguage\":\"fr-FR\",\"@id\":\"https:\/\/www.ianbia.com\/history\/#primaryimage\",\"url\":\"http:\/\/ianbia.ehosting.ca\/wp-content\/uploads\/2017\/01\/shutterstock_192531746-copy-300x200.jpg\",\"contentUrl\":\"http:\/\/ianbia.ehosting.ca\/wp-content\/uploads\/2017\/01\/shutterstock_192531746-copy-300x200.jpg\"},{\"@type\":\"WebPage\",\"@id\":\"https:\/\/www.ianbia.com\/history\/#webpage\",\"url\":\"https:\/\/www.ianbia.com\/history\/\",\"name\":\"[:en]HISTORY[:fr]HISTOIRE[:] | IANB\",\"isPartOf\":{\"@id\":\"https:\/\/www.ianbia.com\/#website\"},\"primaryImageOfPage\":{\"@id\":\"https:\/\/www.ianbia.com\/history\/#primaryimage\"},\"datePublished\":\"2017-01-26T12:39:31+00:00\",\"dateModified\":\"2021-04-12T00:18:47+00:00\",\"description\":\"Just as doctors, engineers and lawyers, agrologists are also professionals who must belong to a professional organization to practice their profession. In New Brunswick, the New Brunswick Institute of Agrologists, founded in 1960, regulates the profession of agrologist.\",\"breadcrumb\":{\"@id\":\"https:\/\/www.ianbia.com\/history\/#breadcrumb\"},\"inLanguage\":\"fr-FR\",\"potentialAction\":[{\"@type\":\"ReadAction\",\"target\":[\"https:\/\/www.ianbia.com\/history\/\"]}]},{\"@type\":\"BreadcrumbList\",\"@id\":\"https:\/\/www.ianbia.com\/history\/#breadcrumb\",\"itemListElement\":[{\"@type\":\"ListItem\",\"position\":1,\"name\":\"Home\",\"item\":\"https:\/\/www.ianbia.com\/\"},{\"@type\":\"ListItem\",\"position\":2,\"name\":\"HISTORY\"}]}]}<\/script>\n<!-- \/ Yoast SEO plugin. -->","yoast_head_json":{"title":"[:en]HISTORY[:fr]HISTOIRE[:] | IANB","description":"Just as doctors, engineers and lawyers, agrologists are also professionals who must belong to a professional organization to practice their profession. In New Brunswick, the New Brunswick Institute of Agrologists, founded in 1960, regulates the profession of agrologist.","robots":{"index":"index","follow":"follow","max-snippet":"max-snippet:-1","max-image-preview":"max-image-preview:large","max-video-preview":"max-video-preview:-1"},"canonical":"https:\/\/www.ianbia.com\/history\/","og_locale":"fr_FR","og_type":"article","og_title":"[:en]HISTORY[:fr]HISTOIRE[:] | IANB","og_description":"Just as doctors, engineers and lawyers, agrologists are also professionals who must belong to a professional organization to practice their profession. In New Brunswick, the New Brunswick Institute of Agrologists, founded in 1960, regulates the profession of agrologist.","og_url":"https:\/\/www.ianbia.com\/history\/","og_site_name":"IANB","article_modified_time":"2021-04-12T00:18:47+00:00","og_image":[{"url":"http:\/\/ianbia.ehosting.ca\/wp-content\/uploads\/2017\/01\/shutterstock_192531746-copy-300x200.jpg"}],"twitter_card":"summary_large_image","twitter_misc":{"Dur\u00e9e de lecture estim\u00e9e":"5 minutes"},"schema":{"@context":"https:\/\/schema.org","@graph":[{"@type":"Organization","@id":"https:\/\/www.ianbia.com\/#organization","name":"NBIA","url":"https:\/\/www.ianbia.com\/","sameAs":[],"logo":{"@type":"ImageObject","inLanguage":"fr-FR","@id":"https:\/\/www.ianbia.com\/#\/schema\/logo\/image\/","url":"https:\/\/www.ianbia.com\/wp-content\/uploads\/2022\/06\/NBIA-logo-Colour.jpg","contentUrl":"https:\/\/www.ianbia.com\/wp-content\/uploads\/2022\/06\/NBIA-logo-Colour.jpg","width":250,"height":150,"caption":"NBIA"},"image":{"@id":"https:\/\/www.ianbia.com\/#\/schema\/logo\/image\/"}},{"@type":"WebSite","@id":"https:\/\/www.ianbia.com\/#website","url":"https:\/\/www.ianbia.com\/","name":"IANB","description":"Institut des agronomes du Nouveau-Brunswick","publisher":{"@id":"https:\/\/www.ianbia.com\/#organization"},"potentialAction":[{"@type":"SearchAction","target":{"@type":"EntryPoint","urlTemplate":"https:\/\/www.ianbia.com\/?s={search_term_string}"},"query-input":"required name=search_term_string"}],"inLanguage":"fr-FR"},{"@type":"ImageObject","inLanguage":"fr-FR","@id":"https:\/\/www.ianbia.com\/history\/#primaryimage","url":"http:\/\/ianbia.ehosting.ca\/wp-content\/uploads\/2017\/01\/shutterstock_192531746-copy-300x200.jpg","contentUrl":"http:\/\/ianbia.ehosting.ca\/wp-content\/uploads\/2017\/01\/shutterstock_192531746-copy-300x200.jpg"},{"@type":"WebPage","@id":"https:\/\/www.ianbia.com\/history\/#webpage","url":"https:\/\/www.ianbia.com\/history\/","name":"[:en]HISTORY[:fr]HISTOIRE[:] | IANB","isPartOf":{"@id":"https:\/\/www.ianbia.com\/#website"},"primaryImageOfPage":{"@id":"https:\/\/www.ianbia.com\/history\/#primaryimage"},"datePublished":"2017-01-26T12:39:31+00:00","dateModified":"2021-04-12T00:18:47+00:00","description":"Just as doctors, engineers and lawyers, agrologists are also professionals who must belong to a professional organization to practice their profession. In New Brunswick, the New Brunswick Institute of Agrologists, founded in 1960, regulates the profession of agrologist.","breadcrumb":{"@id":"https:\/\/www.ianbia.com\/history\/#breadcrumb"},"inLanguage":"fr-FR","potentialAction":[{"@type":"ReadAction","target":["https:\/\/www.ianbia.com\/history\/"]}]},{"@type":"BreadcrumbList","@id":"https:\/\/www.ianbia.com\/history\/#breadcrumb","itemListElement":[{"@type":"ListItem","position":1,"name":"Home","item":"https:\/\/www.ianbia.com\/"},{"@type":"ListItem","position":2,"name":"HISTORY"}]}]}},"_links":{"self":[{"href":"https:\/\/www.ianbia.com\/fr\/wp-json\/wp\/v2\/pages\/81"}],"collection":[{"href":"https:\/\/www.ianbia.com\/fr\/wp-json\/wp\/v2\/pages"}],"about":[{"href":"https:\/\/www.ianbia.com\/fr\/wp-json\/wp\/v2\/types\/page"}],"author":[{"embeddable":true,"href":"https:\/\/www.ianbia.com\/fr\/wp-json\/wp\/v2\/users\/167"}],"replies":[{"embeddable":true,"href":"https:\/\/www.ianbia.com\/fr\/wp-json\/wp\/v2\/comments?post=81"}],"version-history":[{"count":16,"href":"https:\/\/www.ianbia.com\/fr\/wp-json\/wp\/v2\/pages\/81\/revisions"}],"predecessor-version":[{"id":532,"href":"https:\/\/www.ianbia.com\/fr\/wp-json\/wp\/v2\/pages\/81\/revisions\/532"}],"wp:attachment":[{"href":"https:\/\/www.ianbia.com\/fr\/wp-json\/wp\/v2\/media?parent=81"}],"curies":[{"name":"wp","href":"https:\/\/api.w.org\/{rel}","templated":true}]}}