{"id":9,"date":"2017-01-24T11:31:08","date_gmt":"2017-01-24T16:31:08","guid":{"rendered":"http:\/\/ianbia.ehosting.ca\/?page_id=9"},"modified":"2022-06-01T11:38:05","modified_gmt":"2022-06-01T14:38:05","slug":"welcome","status":"publish","type":"page","link":"https:\/\/www.ianbia.com\/fr\/","title":{"rendered":"BIENVENUE"},"content":{"rendered":"<p>Bienvenue \u00e0 l\u2019Institut des agronomes du Nouveau-Brunswick !<\/p>\n\n\n\n<p>Tout comme les m\u00e9decins, les ing\u00e9nieurs et les avocats, les agronomes sont \u00e9galement des professionnels qui doivent appartenir \u00e0 une organisation professionnelle pour exercer leur profession. Au Nouveau-Brunswick, c\u2019est l\u2019Institut des agronomes du Nouveau-Brunswick, fond\u00e9 en 1960, qui r\u00e9glemente la profession d\u2019agronome.<\/p>\n\n\n\n<p>La \u2018\u2019Loi constituant en corporation l\u2019Institut des agronomes du Nouveau-Brunswick\u2019\u2019 sert \u00e0 r\u00e9glementer l\u2019exercice de la profession d\u2019agronome ainsi que ses membres conform\u00e9ment \u00e0 la Loi et aux r\u00e8glements administratifs afin de servir et prot\u00e9ger les membres et l\u2019int\u00e9r\u00eat du public. Seules les personnes immatricul\u00e9es pour exercer la profession peuvent exercer la profession d\u2019agronome au Nouveau-Brunswick. Seules les personnes immatricul\u00e9es peuvent utiliser le titre \u2018\u2019agronome\u2019\u2019 ou l\u2019abr\u00e9viation \u2018\u2019agr\u2019\u2019 en fran\u00e7ais, ou utiliser le titre \u2018\u2019Professional Agrologist\u2019\u2019 ou l\u2019abr\u00e9viation \u2018\u2019P.Ag.\u00a0\u2018\u2019 en anglais.<\/p>\n\n\n\n<div style=\"height:30px\" aria-hidden=\"true\" class=\"wp-block-spacer\"><\/div>\n\n\n\n<p>L\u2019agronomie touche \u00e0 de nombreux domaines d\u2019activit\u00e9s. C\u2019est une science qui se fonde entre autres sur une connaissance approfondie&nbsp;de l\u2019agriculture et de l\u2019agroalimentaire, de l\u2019environnement et de l\u2019\u00e9conomie. L\u2019agronomie est une carri\u00e8re riche et fertile, venez vivre votre passion aupr\u00e8s de notre organisation!<\/p>","protected":false},"excerpt":{"rendered":"<p>Bienvenue \u00e0 l\u2019Institut des agronomes du Nouveau-Brunswick ! Tout comme les m\u00e9decins, les ing\u00e9nieurs et les avocats, les agronomes sont \u00e9galement des professionnels qui doivent appartenir \u00e0 une organisation professionnelle pour exercer leur profession. Au Nouveau-Brunswick, c\u2019est l\u2019Institut des agronomes du Nouveau-Brunswick, fond\u00e9 en 1960, qui r\u00e9glemente la profession d\u2019agronome. La \u2018\u2019Loi constituant en corporation [&hellip;]<\/p>\n","protected":false},"author":167,"featured_media":0,"parent":0,"menu_order":0,"comment_status":"closed","ping_status":"closed","template":"","meta":[],"acf":[],"yoast_head":"<!-- This site is optimized with the Yoast SEO plugin v19.0 - https:\/\/yoast.com\/wordpress\/plugins\/seo\/ -->\n<title>BIENVENUE | IANB<\/title>\n<meta name=\"description\" content=\"Just as doctors, engineers and lawyers, agrologists are also professionals who must belong to a professional organization to practice their profession. In New Brunswick, the New Brunswick Institute of Agrologists, founded in 1960, regulates the profession of agrologist.\" \/>\n<meta name=\"robots\" content=\"index, follow, max-snippet:-1, max-image-preview:large, max-video-preview:-1\" \/>\n<link rel=\"canonical\" href=\"https:\/\/www.ianbia.com\/\" \/>\n<meta property=\"og:locale\" content=\"fr_FR\" \/>\n<meta property=\"og:type\" content=\"article\" \/>\n<meta property=\"og:title\" content=\"[:en]WELCOME[:fr]BIENVENUE[:] | IANB\" \/>\n<meta property=\"og:description\" content=\"Just as doctors, engineers and lawyers, agrologists are also professionals who must belong to a professional organization to practice their profession. In New Brunswick, the New Brunswick Institute of Agrologists, founded in 1960, regulates the profession of agrologist.\" \/>\n<meta property=\"og:url\" content=\"https:\/\/www.ianbia.com\/\" \/>\n<meta property=\"og:site_name\" content=\"IANB\" \/>\n<meta property=\"article:modified_time\" content=\"2022-06-01T14:38:05+00:00\" \/>\n<meta name=\"twitter:card\" content=\"summary_large_image\" \/>\n<meta name=\"twitter:label1\" content=\"Dur\u00e9e de lecture estim\u00e9e\" \/>\n\t<meta name=\"twitter:data1\" content=\"2 minutes\" \/>\n<script type=\"application\/ld+json\" class=\"yoast-schema-graph\">{\"@context\":\"https:\/\/schema.org\",\"@graph\":[{\"@type\":\"Organization\",\"@id\":\"https:\/\/www.ianbia.com\/#organization\",\"name\":\"NBIA\",\"url\":\"https:\/\/www.ianbia.com\/\",\"sameAs\":[],\"logo\":{\"@type\":\"ImageObject\",\"inLanguage\":\"fr-FR\",\"@id\":\"https:\/\/www.ianbia.com\/#\/schema\/logo\/image\/\",\"url\":\"https:\/\/www.ianbia.com\/wp-content\/uploads\/2022\/06\/NBIA-logo-Colour.jpg\",\"contentUrl\":\"https:\/\/www.ianbia.com\/wp-content\/uploads\/2022\/06\/NBIA-logo-Colour.jpg\",\"width\":250,\"height\":150,\"caption\":\"NBIA\"},\"image\":{\"@id\":\"https:\/\/www.ianbia.com\/#\/schema\/logo\/image\/\"}},{\"@type\":\"WebSite\",\"@id\":\"https:\/\/www.ianbia.com\/#website\",\"url\":\"https:\/\/www.ianbia.com\/\",\"name\":\"IANB\",\"description\":\"Institut des agronomes du Nouveau-Brunswick\",\"publisher\":{\"@id\":\"https:\/\/www.ianbia.com\/#organization\"},\"potentialAction\":[{\"@type\":\"SearchAction\",\"target\":{\"@type\":\"EntryPoint\",\"urlTemplate\":\"https:\/\/www.ianbia.com\/?s={search_term_string}\"},\"query-input\":\"required name=search_term_string\"}],\"inLanguage\":\"fr-FR\"},{\"@type\":\"WebPage\",\"@id\":\"https:\/\/www.ianbia.com\/#webpage\",\"url\":\"https:\/\/www.ianbia.com\/\",\"name\":\"[:en]WELCOME[:fr]BIENVENUE[:] | IANB\",\"isPartOf\":{\"@id\":\"https:\/\/www.ianbia.com\/#website\"},\"datePublished\":\"2017-01-24T16:31:08+00:00\",\"dateModified\":\"2022-06-01T14:38:05+00:00\",\"description\":\"Just as doctors, engineers and lawyers, agrologists are also professionals who must belong to a professional organization to practice their profession. In New Brunswick, the New Brunswick Institute of Agrologists, founded in 1960, regulates the profession of agrologist.\",\"breadcrumb\":{\"@id\":\"https:\/\/www.ianbia.com\/#breadcrumb\"},\"inLanguage\":\"fr-FR\",\"potentialAction\":[{\"@type\":\"ReadAction\",\"target\":[\"https:\/\/www.ianbia.com\/\"]}]},{\"@type\":\"BreadcrumbList\",\"@id\":\"https:\/\/www.ianbia.com\/#breadcrumb\",\"itemListElement\":[{\"@type\":\"ListItem\",\"position\":1,\"name\":\"Home\",\"item\":\"https:\/\/www.ianbia.com\/\"},{\"@type\":\"ListItem\",\"position\":2,\"name\":\"WELCOME\"}]}]}<\/script>\n<!-- \/ Yoast SEO plugin. -->","yoast_head_json":{"title":"[:en]WELCOME[:fr]BIENVENUE[:] | IANB","description":"Just as doctors, engineers and lawyers, agrologists are also professionals who must belong to a professional organization to practice their profession. In New Brunswick, the New Brunswick Institute of Agrologists, founded in 1960, regulates the profession of agrologist.","robots":{"index":"index","follow":"follow","max-snippet":"max-snippet:-1","max-image-preview":"max-image-preview:large","max-video-preview":"max-video-preview:-1"},"canonical":"https:\/\/www.ianbia.com\/","og_locale":"fr_FR","og_type":"article","og_title":"[:en]WELCOME[:fr]BIENVENUE[:] | IANB","og_description":"Just as doctors, engineers and lawyers, agrologists are also professionals who must belong to a professional organization to practice their profession. In New Brunswick, the New Brunswick Institute of Agrologists, founded in 1960, regulates the profession of agrologist.","og_url":"https:\/\/www.ianbia.com\/","og_site_name":"IANB","article_modified_time":"2022-06-01T14:38:05+00:00","twitter_card":"summary_large_image","twitter_misc":{"Dur\u00e9e de lecture estim\u00e9e":"2 minutes"},"schema":{"@context":"https:\/\/schema.org","@graph":[{"@type":"Organization","@id":"https:\/\/www.ianbia.com\/#organization","name":"NBIA","url":"https:\/\/www.ianbia.com\/","sameAs":[],"logo":{"@type":"ImageObject","inLanguage":"fr-FR","@id":"https:\/\/www.ianbia.com\/#\/schema\/logo\/image\/","url":"https:\/\/www.ianbia.com\/wp-content\/uploads\/2022\/06\/NBIA-logo-Colour.jpg","contentUrl":"https:\/\/www.ianbia.com\/wp-content\/uploads\/2022\/06\/NBIA-logo-Colour.jpg","width":250,"height":150,"caption":"NBIA"},"image":{"@id":"https:\/\/www.ianbia.com\/#\/schema\/logo\/image\/"}},{"@type":"WebSite","@id":"https:\/\/www.ianbia.com\/#website","url":"https:\/\/www.ianbia.com\/","name":"IANB","description":"Institut des agronomes du Nouveau-Brunswick","publisher":{"@id":"https:\/\/www.ianbia.com\/#organization"},"potentialAction":[{"@type":"SearchAction","target":{"@type":"EntryPoint","urlTemplate":"https:\/\/www.ianbia.com\/?s={search_term_string}"},"query-input":"required name=search_term_string"}],"inLanguage":"fr-FR"},{"@type":"WebPage","@id":"https:\/\/www.ianbia.com\/#webpage","url":"https:\/\/www.ianbia.com\/","name":"[:en]WELCOME[:fr]BIENVENUE[:] | IANB","isPartOf":{"@id":"https:\/\/www.ianbia.com\/#website"},"datePublished":"2017-01-24T16:31:08+00:00","dateModified":"2022-06-01T14:38:05+00:00","description":"Just as doctors, engineers and lawyers, agrologists are also professionals who must belong to a professional organization to practice their profession. In New Brunswick, the New Brunswick Institute of Agrologists, founded in 1960, regulates the profession of agrologist.","breadcrumb":{"@id":"https:\/\/www.ianbia.com\/#breadcrumb"},"inLanguage":"fr-FR","potentialAction":[{"@type":"ReadAction","target":["https:\/\/www.ianbia.com\/"]}]},{"@type":"BreadcrumbList","@id":"https:\/\/www.ianbia.com\/#breadcrumb","itemListElement":[{"@type":"ListItem","position":1,"name":"Home","item":"https:\/\/www.ianbia.com\/"},{"@type":"ListItem","position":2,"name":"WELCOME"}]}]}},"_links":{"self":[{"href":"https:\/\/www.ianbia.com\/fr\/wp-json\/wp\/v2\/pages\/9"}],"collection":[{"href":"https:\/\/www.ianbia.com\/fr\/wp-json\/wp\/v2\/pages"}],"about":[{"href":"https:\/\/www.ianbia.com\/fr\/wp-json\/wp\/v2\/types\/page"}],"author":[{"embeddable":true,"href":"https:\/\/www.ianbia.com\/fr\/wp-json\/wp\/v2\/users\/167"}],"replies":[{"embeddable":true,"href":"https:\/\/www.ianbia.com\/fr\/wp-json\/wp\/v2\/comments?post=9"}],"version-history":[{"count":13,"href":"https:\/\/www.ianbia.com\/fr\/wp-json\/wp\/v2\/pages\/9\/revisions"}],"predecessor-version":[{"id":671,"href":"https:\/\/www.ianbia.com\/fr\/wp-json\/wp\/v2\/pages\/9\/revisions\/671"}],"wp:attachment":[{"href":"https:\/\/www.ianbia.com\/fr\/wp-json\/wp\/v2\/media?parent=9"}],"curies":[{"name":"wp","href":"https:\/\/api.w.org\/{rel}","templated":true}]}}